{"id":213,"date":"2015-10-14T08:25:58","date_gmt":"2015-10-14T08:25:58","guid":{"rendered":"http:\/\/xml-io.proteusthemes.com\/structurepress\/?page_id=11"},"modified":"2026-04-27T11:11:31","modified_gmt":"2026-04-27T09:11:31","slug":"home","status":"publish","type":"page","link":"https:\/\/armaxgaz.ro\/","title":{"rendered":"Acasa"},"content":{"rendered":"<div id=\"pl-213\"  class=\"panel-layout\" ><div id=\"pg-213-0\"  class=\"panel-grid panel-has-style\" ><div class=\"panel-row-style panel-row-style-for-213-0\" ><div id=\"pgc-213-0-0\"  class=\"panel-grid-cell\" ><div id=\"panel-213-0-0-0\" class=\"so-panel widget widget_pw_featured_page widget-featured-page panel-first-child panel-last-child\" data-index=\"0\" >\n\t<div class=\"page-box  page-box--block\">\n\t\t\t\t\t<a class=\"page-box__picture\" href=\"https:\/\/armaxgaz.ro\/?page_id=482\">\n\t\t\t\t<img loading=\"lazy\" decoding=\"async\" src=\"https:\/\/armaxgaz.ro\/wp-content\/uploads\/2021\/12\/strefaarchitekta-360x240.jpg\" width=\"360\" height=\"240\" srcset=\"https:\/\/armaxgaz.ro\/wp-content\/uploads\/2021\/12\/strefaarchitekta-360x240.jpg 360w, https:\/\/armaxgaz.ro\/wp-content\/uploads\/2021\/12\/strefaarchitekta.jpg 1080w\" sizes=\"auto, (min-width: 1200px) 350px, (min-width: 992px) 284px, (min-width: 768px) 692px, calc(100vw - 30px)\" class=\"wp-post-image\" alt=\"Proiectare\">\n\t\t\t<\/a>\n\t\t\t\t<div class=\"page-box__content\">\n\t\t\t<h4 class=\"page-box__title\"><a href=\"https:\/\/armaxgaz.ro\/?page_id=482\">Proiectare<\/a><\/h4>\n\t\t\t<p class=\"page-box__text\">O echipa de profesionisti si dotari de ultima generatie asigura proiectarea variantei optime ce poate satisface nevoile beneficiarului. Dispunem de urmatoarele autorizatii, licente si atestate emise pentru &hellip;<\/p>\n\t\t\t\t\t\t\t<a href=\"https:\/\/armaxgaz.ro\/?page_id=482\" class=\"page-box__more-link\">Citeste mai mult<\/a>\n\t\t\t\t\t<\/div>\n\t<\/div>\n\n<\/div><\/div><div id=\"pgc-213-0-1\"  class=\"panel-grid-cell\" ><div id=\"panel-213-0-1-0\" class=\"so-panel widget widget_pw_featured_page widget-featured-page panel-first-child panel-last-child\" data-index=\"1\" >\n\t<div class=\"page-box  page-box--block\">\n\t\t\t\t\t<a class=\"page-box__picture\" href=\"https:\/\/armaxgaz.ro\/?page_id=473\">\n\t\t\t\t<img loading=\"lazy\" decoding=\"async\" src=\"https:\/\/armaxgaz.ro\/wp-content\/uploads\/2021\/12\/sudura-360x240.jpg\" width=\"360\" height=\"240\" srcset=\"https:\/\/armaxgaz.ro\/wp-content\/uploads\/2021\/12\/sudura-360x240.jpg 360w, https:\/\/armaxgaz.ro\/wp-content\/uploads\/2021\/12\/sudura.jpg 1536w\" sizes=\"auto, (min-width: 1200px) 350px, (min-width: 992px) 284px, (min-width: 768px) 692px, calc(100vw - 30px)\" class=\"wp-post-image\" alt=\"Executie\">\n\t\t\t<\/a>\n\t\t\t\t<div class=\"page-box__content\">\n\t\t\t<h4 class=\"page-box__title\"><a href=\"https:\/\/armaxgaz.ro\/?page_id=473\">Executie<\/a><\/h4>\n\t\t\t<p class=\"page-box__text\">Pe baza proiectelor intocmite de noi sau furnizate direct de beneficiar, putem oferi servicii de executie pentru o gama variata de produse atat din punct de vedere al domeniului de utilizare cat si al &hellip;<\/p>\n\t\t\t\t\t\t\t<a href=\"https:\/\/armaxgaz.ro\/?page_id=473\" class=\"page-box__more-link\">Citeste mai mult<\/a>\n\t\t\t\t\t<\/div>\n\t<\/div>\n\n<\/div><\/div><div id=\"pgc-213-0-2\"  class=\"panel-grid-cell\" ><div id=\"panel-213-0-2-0\" class=\"so-panel widget widget_pw_featured_page widget-featured-page panel-first-child\" data-index=\"2\" >\n\t<div class=\"page-box  page-box--inline\">\n\t\t\t\t\t<a class=\"page-box__picture\" href=\"https:\/\/armaxgaz.ro\/?page_id=479\"><img loading=\"lazy\" decoding=\"async\" width=\"100\" height=\"70\" src=\"https:\/\/armaxgaz.ro\/wp-content\/uploads\/2021\/12\/Untitled-e1639516336395-100x70.jpg\" class=\"attachment-pw-inline size-pw-inline wp-post-image\" alt=\"\" \/><\/a>\n\t\t\t\t<div class=\"page-box__content\">\n\t\t\t<h4 class=\"page-box__title\"><a href=\"https:\/\/armaxgaz.ro\/?page_id=479\">Montaj<\/a><\/h4>\n\t\t\t<p class=\"page-box__text\">Armax Gaz dispune de personalul si logistica necesare pentru &hellip;<\/p>\n\t\t\t\t\t<\/div>\n\t<\/div>\n\n<\/div><div id=\"panel-213-0-2-1\" class=\"so-panel widget widget_pw_featured_page widget-featured-page\" data-index=\"3\" >\n\t<div class=\"page-box  page-box--inline\">\n\t\t\t\t\t<a class=\"page-box__picture\" href=\"https:\/\/armaxgaz.ro\/?page_id=475\"><img loading=\"lazy\" decoding=\"async\" width=\"100\" height=\"70\" src=\"https:\/\/armaxgaz.ro\/wp-content\/uploads\/2021\/12\/Instalatie_separare_2-100x70.jpg\" class=\"attachment-pw-inline size-pw-inline wp-post-image\" alt=\"\" \/><\/a>\n\t\t\t\t<div class=\"page-box__content\">\n\t\t\t<h4 class=\"page-box__title\"><a href=\"https:\/\/armaxgaz.ro\/?page_id=475\">Punere in functiune<\/a><\/h4>\n\t\t\t<p class=\"page-box__text\">Asiguram servicii de punere in functiune a produselor executate, &hellip;<\/p>\n\t\t\t\t\t<\/div>\n\t<\/div>\n\n<\/div><div id=\"panel-213-0-2-2\" class=\"so-panel widget widget_pw_featured_page widget-featured-page\" data-index=\"4\" >\n\t<div class=\"page-box  page-box--inline\">\n\t\t\t\t\t<a class=\"page-box__picture\" href=\"https:\/\/armaxgaz.ro\/?page_id=484\"><img loading=\"lazy\" decoding=\"async\" width=\"100\" height=\"70\" src=\"https:\/\/armaxgaz.ro\/wp-content\/uploads\/2021\/12\/Instalatie_separare_1-100x70.jpg\" class=\"attachment-pw-inline size-pw-inline wp-post-image\" alt=\"\" \/><\/a>\n\t\t\t\t<div class=\"page-box__content\">\n\t\t\t<h4 class=\"page-box__title\"><a href=\"https:\/\/armaxgaz.ro\/?page_id=484\">Training si instruire<\/a><\/h4>\n\t\t\t<p class=\"page-box__text\">Armax Gaz dezvolta si implementeza activitati de training &hellip;<\/p>\n\t\t\t\t\t<\/div>\n\t<\/div>\n\n<\/div><div id=\"panel-213-0-2-3\" class=\"so-panel widget widget_pw_featured_page widget-featured-page panel-last-child\" data-index=\"5\" >\n\t<div class=\"page-box  page-box--inline\">\n\t\t\t\t\t<a class=\"page-box__picture\" href=\"https:\/\/armaxgaz.ro\/?page_id=477\"><img loading=\"lazy\" decoding=\"async\" width=\"100\" height=\"70\" src=\"https:\/\/armaxgaz.ro\/wp-content\/uploads\/2021\/12\/Instalatie_transportabila_testare_1-100x70.jpg\" class=\"attachment-pw-inline size-pw-inline wp-post-image\" alt=\"\" \/><\/a>\n\t\t\t\t<div class=\"page-box__content\">\n\t\t\t<h4 class=\"page-box__title\"><a href=\"https:\/\/armaxgaz.ro\/?page_id=477\">Piese de schimb<\/a><\/h4>\n\t\t\t<p class=\"page-box__text\">Dispunand de piese de schimb din stoc sau realizate la comanda, &hellip;<\/p>\n\t\t\t\t\t<\/div>\n\t<\/div>\n\n<\/div><\/div><\/div><\/div><div id=\"pg-213-1\"  class=\"panel-grid panel-has-style\" ><div class=\"siteorigin-panels-stretch panel-row-style panel-row-style-for-213-1\" data-stretch-type=\"full\" ><div id=\"pgc-213-1-0\"  class=\"panel-grid-cell\" ><div id=\"panel-213-1-0-0\" class=\"so-panel widget widget_pw_portfolio_grid widget-portfolio-grid panel-first-child panel-last-child\" data-index=\"6\" >\t\t\t\t\t<div class=\"portfolio-grid  portfolio-grid--slider\" data-type=\"slider\">\n\t\t\t\t\t\t\t\t\t\t<nav class=\"portfolio-grid__header\">\n\t\t\t\t\t\t\t\t\t\t\t<div class=\"portfolio-grid__arrows  js-wpg-arrows\">\n\t\t\t\t\t\t\t<a class=\"portfolio-grid__arrow  portfolio-grid__arrow--left\" href=\"#portfolio-grid-widget-1-0-0\" role=\"button\" data-slide=\"prev\">\n\t\t\t\t\t\t\t\t<span class=\"fa fa-caret-left\" aria-hidden=\"true\"><\/span>\n\t\t\t\t\t\t\t\t<span class=\"sr-only\">Previous<\/span>\n\t\t\t\t\t\t\t<\/a><a class=\"portfolio-grid__arrow  portfolio-grid__arrow--right\" href=\"#portfolio-grid-widget-1-0-0\" role=\"button\" data-slide=\"next\">\n\t\t\t\t\t\t\t\t<span class=\"fa fa-caret-right\" aria-hidden=\"true\"><\/span>\n\t\t\t\t\t\t\t\t<span class=\"sr-only\">Next<\/span>\n\t\t\t\t\t\t\t<\/a>\n\t\t\t\t\t\t<\/div>\n\t\t\t\t\t\n\t\t\t\t\t<a href=\"#\" class=\"portfolio-grid__mobile-filter  js-filter  btn  btn-primary  btn-sm  hidden-lg-up\">\n\t\t\t\t\t\t<span class=\"fa  fa-filter\"><\/span> &nbsp;\n\t\t\t\t\t\tFILTER\t\t\t\t\t<\/a>\n\n\t\t\t\t\t<ul class=\"portfolio-grid__nav  js-wpg-nav-holder\">\n\t\t\t\t\t\t\t<li class=\"portfolio-grid__nav-item  is-active\" >\n\t\t\t\t\t\t\t\t<a href=\"#widget-1-0-0-all\" data-category=\"*\" class=\"portfolio-grid__nav-link  js-wpg-nav\">All Projects<\/a>\n\t\t\t\t\t\t\t<\/li>\n\t\t\t\t\t\t\t\t\t\t\t<\/ul>\n\t\t\t\t<\/nav>\n\t\t\t\t\t\t\t\t\t<div id=\"portfolio-grid-widget-1-0-0\" class=\"carousel  slide\" data-ride=\"carousel\" data-interval=\"false\">\n\t\t\t\t\t\t\t<div class=\"carousel-inner  js-wpg-items\" role=\"listbox\">\n\t\t\t\t\t\t\t\t<div class=\"carousel-item  active\">\n\t\t\t\t\t\t\t\t\t<div class=\"row\">\n\t\t\t\t\t\t\t\t\t\t\t\t\t\t\t\t\t\t\t<\/div>\n\t\t\t\t\t\t\t\t<\/div>\n\t\t\t\t\t\t\t<\/div>\n\t\t\t\t\t\t<\/div>\n\t\t\t\t\t<\/div>\n\t\t\t\t\t<\/div><\/div><\/div><\/div><div id=\"pg-213-2\"  class=\"panel-grid panel-no-style\" ><div id=\"pgc-213-2-0\"  class=\"panel-grid-cell\" ><div id=\"panel-213-2-0-0\" class=\"so-panel widget widget_pw_latest_news widget-latest-news panel-first-child panel-last-child\" data-index=\"7\" >\n\t\t\t\t\t\t<div class=\"card  latest-news  latest-news--block\">\n\t\t\t\t\n\t\t\t\t<div class=\"card-block  latest-news__content\">\n\t\t\t\t\t<time class=\"latest-news__date\" datetime=\"2024-02-13T11:02:00+02:00\">februarie 13, 2024<\/time>\n\t\t\t\t\t<h4 class=\"card-title  latest-news__title\"><a href=\"https:\/\/armaxgaz.ro\/?p=1562\">Egypes Energy Show 2024<\/a><\/h4>\n\t\t\t\t\t<div class=\"card-text  latest-news__text\">\n\t\t\t\t\tWe are thrilled to announce that on 19 - 21 February 2024, we are exposing our our latest innovations and solutions in the oil and gaz energy sectory at Egypes Energy Show 2024. Expo zone with over 459 booths and +35.000 visitors\t\t\t\t\t<\/div>\n\t\t\t\t<\/div>\n\t\t\t<\/div>\n\t\t\t\t\t\n<\/div><\/div><div id=\"pgc-213-2-1\"  class=\"panel-grid-cell\" ><div id=\"panel-213-2-1-0\" class=\"so-panel widget widget_pw_latest_news widget-latest-news panel-first-child panel-last-child\" data-index=\"8\" >\n\t\t\t\t\t\t<div class=\"card  latest-news  latest-news--block\">\n\t\t\t\t\n\t\t\t\t<div class=\"card-block  latest-news__content\">\n\t\t\t\t\t<time class=\"latest-news__date\" datetime=\"2014-09-18T11:02:00+02:00\">septembrie 18, 2014<\/time>\n\t\t\t\t\t<h4 class=\"card-title  latest-news__title\"><a href=\"https:\/\/armaxgaz.ro\/?p=1452\">Anunt de interes public cu privire la Statia de Uscare Gaze BAND<\/a><\/h4>\n\t\t\t\t\t<div class=\"card-text  latest-news__text\">\n\t\t\t\t\tS.N.G.N. ROMGAZ S.A. Sucursala T\u00e2rgu Mure\u0219, titular al proiectului \u201eSta\u021bie de Uscare Gaze BAND\u201d, anun\u021b\u0103 publicul interesat asupra lu\u0103rii deciziei etapei de \u00eencadrare de c\u0103tre Agen\u021bia de Protec\u021bia Mediului Mure\u0219, f\u0103r\u0103 studiu de evaluare a impactului, \u00een cadrul procedurilor de evaluare a impactului asupra mediului pentru proiectul \u201eSta\u021bie de Uscare Gaze BAND\u201d, propus a fi &hellip;\t\t\t\t\t<\/div>\n\t\t\t\t<\/div>\n\t\t\t<\/div>\n\t\t\t\t\t\n<\/div><\/div><div id=\"pgc-213-2-2\"  class=\"panel-grid-cell\" ><div id=\"panel-213-2-2-0\" class=\"so-panel widget widget_pw_latest_news widget-latest-news panel-first-child panel-last-child\" data-index=\"9\" >\n\t\t\t<div class=\"latest-news__container\">\n\t\t\t\t\t\t\t<a href=\"https:\/\/armaxgaz.ro\/?p=1459\" class=\"card  latest-news  latest-news--inline\">\n\t\t\t\t\t<div class=\"card-block  latest-news__content\">\n\t\t\t\t\t\t<h4 class=\"card-title  latest-news__title\">Simpozionul \u201cInvestim in inovare\u201d, este un eveniment dedicat prezentarii celor mai noi tehnologii si produse dezvoltate de compania Armax Gaz pentru solutionarea nevoilor actuale ale industriei de petrol si gaze din Romania.<\/h4>\n\t\t\t\t\t\t\t<time class=\"latest-news__date\" datetime=\"2013-11-14T11:27:00+02:00\">\n\t\t\t\t\t\t\t\tnoiembrie 14, 2013\t\t\t\t\t\t\t<\/time>\n\t\t\t\t\t<\/div>\n\t\t\t\t<\/a>\n\t\t\t\n\t\t\t\t\t\t\t<a href=\"https:\/\/armaxgaz.ro\/?page_id=214\" class=\"card-block  latest-news  latest-news--more-news\">\n\t\t\t\t\tMore news\t\t\t\t<\/a>\n\t\t\t\t\t<\/div>\n\t\n<\/div><\/div><\/div><div id=\"pg-213-3\"  class=\"panel-grid panel-has-style\" ><div class=\"siteorigin-panels-stretch panel-row-style panel-row-style-for-213-3\" data-stretch-type=\"full\" ><div id=\"pgc-213-3-0\"  class=\"panel-grid-cell\" ><div id=\"panel-213-3-0-0\" class=\"so-panel widget widget_sow-editor panel-first-child panel-last-child\" data-index=\"10\" ><div\n\t\t\t\n\t\t\tclass=\"so-widget-sow-editor so-widget-sow-editor-base\"\n\t\t\t\n\t\t>\n<div class=\"siteorigin-widget-tinymce textwidget\">\n\t<h4 id=\"tw-target-text\" class=\"tw-data-text tw-text-large tw-ta\" dir=\"ltr\" style=\"text-align: center;\" data-placeholder=\"Traducere\"><span class=\"Y2IQFc\" lang=\"ro\">Suntem echipa de profesionisti care ne dedicam nevoilor tale.<br \/>\nIti punem la dispozitie dotarile de ultima generatie care pot transpune \u00een realitate cele mai complexe proiecte.<br \/>\nIti oferim produsul realizat cu toata grija noastra si la cele mai \u00eenalte standarde.<br \/>\nAnalizam cu grija nevoile tale pentru a-ti oferi serviciul potrivit. <\/span><\/h4>\n<h4 class=\"tw-data-text tw-text-large tw-ta\" dir=\"ltr\" style=\"text-align: center;\" data-placeholder=\"Traducere\"><span class=\"Y2IQFc\" lang=\"ro\">Suntem calitatea \u00eenscrisa \u00een certificate si succesul recunoscut de diplome.<br \/>\nSuntem Ambitia, Entuziasmul si Daruirea de a fi cei mai buni.<br \/>\n<\/span><\/h4>\n<h4 class=\"tw-data-text tw-text-large tw-ta\" dir=\"ltr\" style=\"text-align: center;\" data-placeholder=\"Traducere\"><span class=\"Y2IQFc\" lang=\"ro\">Suntem Armax Gaz<\/span><\/h4>\n<\/div>\n<\/div><\/div><\/div><\/div><\/div><div id=\"pg-213-4\"  class=\"panel-grid panel-no-style\" ><div id=\"pgc-213-4-0\"  class=\"panel-grid-cell\" ><div id=\"panel-213-4-0-0\" class=\"so-panel widget widget_text panel-first-child panel-last-child\" data-index=\"11\" ><h3 class=\"widget-title\"><span class=\"widget-title__inline\">Certificari<\/span><\/h3>\t\t\t<div class=\"textwidget\"><div class=\"logo-panel\">\n  <div class=\"row\">\n    <div class=\"col-xs-12  col-sm-4  col-lg-2\">\n      <img decoding=\"async\" src=\"https:\/\/armaxgaz.ro\/wp-content\/uploads\/2021\/12\/1.jpg\" alt=\"Client logo\">\n    <\/div>\n    <div class=\"col-xs-12  col-sm-4  col-lg-2\">\n      <img decoding=\"async\" src=\"https:\/\/armaxgaz.ro\/wp-content\/uploads\/2021\/12\/2.jpg\" alt=\"Client logo\">\n    <\/div>\n    <div class=\"col-xs-12  col-sm-4  col-lg-2\">\n      <img decoding=\"async\" src=\"https:\/\/armaxgaz.ro\/wp-content\/uploads\/2021\/12\/3.jpg\" alt=\"Client logo\">\n    <\/div>\n    <div class=\"col-xs-12  col-sm-4  col-lg-2\">\n      <img decoding=\"async\" src=\"https:\/\/armaxgaz.ro\/wp-content\/uploads\/2021\/12\/4.jpg\" alt=\"Client logo\">\n    <\/div>\n    <div class=\"col-xs-12  col-sm-4  col-lg-2\">\n      <img decoding=\"async\" src=\"https:\/\/armaxgaz.ro\/wp-content\/uploads\/2021\/12\/5.jpg\" alt=\"Client logo\">\n    <\/div>\n    <div class=\"col-xs-12  col-sm-4  col-lg-2\">\n      <img decoding=\"async\" src=\"https:\/\/armaxgaz.ro\/wp-content\/uploads\/2021\/12\/6.jpg\" alt=\"Client logo\">\n    <\/div>\n  <\/div>\n<\/div><\/div>\n\t\t<\/div><\/div><\/div><div id=\"pg-213-5\"  class=\"panel-grid panel-no-style\" ><div id=\"pgc-213-5-0\"  class=\"panel-grid-cell panel-grid-cell-empty\" ><\/div><\/div><\/div>","protected":false},"excerpt":{"rendered":"<p>Proiectare O echipa de profesionisti si dotari de ultima generatie asigura proiectarea variantei optime ce poate satisface nevoile beneficiarului. Dispunem de urmatoarele autorizatii, licente si atestate emise pentru &hellip; Citeste mai mult Executie Pe baza proiectelor intocmite de noi sau furnizate direct de beneficiar, putem oferi servicii de executie pentru o gama variata de produse &hellip;<\/p>\n","protected":false},"author":1,"featured_media":0,"parent":0,"menu_order":0,"comment_status":"closed","ping_status":"closed","template":"template-front-page-slider.php","meta":{"footnotes":""},"class_list":["post-213","page","type-page","status-publish","hentry"],"acf":[],"_links":{"self":[{"href":"https:\/\/armaxgaz.ro\/index.php?rest_route=\/wp\/v2\/pages\/213","targetHints":{"allow":["GET"]}}],"collection":[{"href":"https:\/\/armaxgaz.ro\/index.php?rest_route=\/wp\/v2\/pages"}],"about":[{"href":"https:\/\/armaxgaz.ro\/index.php?rest_route=\/wp\/v2\/types\/page"}],"author":[{"embeddable":true,"href":"https:\/\/armaxgaz.ro\/index.php?rest_route=\/wp\/v2\/users\/1"}],"replies":[{"embeddable":true,"href":"https:\/\/armaxgaz.ro\/index.php?rest_route=%2Fwp%2Fv2%2Fcomments&post=213"}],"version-history":[{"count":47,"href":"https:\/\/armaxgaz.ro\/index.php?rest_route=\/wp\/v2\/pages\/213\/revisions"}],"predecessor-version":[{"id":1686,"href":"https:\/\/armaxgaz.ro\/index.php?rest_route=\/wp\/v2\/pages\/213\/revisions\/1686"}],"wp:attachment":[{"href":"https:\/\/armaxgaz.ro\/index.php?rest_route=%2Fwp%2Fv2%2Fmedia&parent=213"}],"curies":[{"name":"wp","href":"https:\/\/api.w.org\/{rel}","templated":true}]}}