{"id":1592,"date":"2026-03-26T08:50:02","date_gmt":"2026-03-26T06:50:02","guid":{"rendered":"https:\/\/armaxgaz.ro\/?page_id=1592"},"modified":"2026-03-26T13:59:19","modified_gmt":"2026-03-26T11:59:19","slug":"solutii","status":"publish","type":"page","link":"https:\/\/armaxgaz.ro\/?page_id=1592","title":{"rendered":"Solu\u021bii"},"content":{"rendered":"<div id=\"pl-gb1592-6a0083d00a750\"  class=\"panel-layout\" ><div id=\"pg-gb1592-6a0083d00a750-0\"  class=\"panel-grid panel-no-style\" ><div id=\"pgc-gb1592-6a0083d00a750-0-0\"  class=\"panel-grid-cell\" ><div id=\"panel-gb1592-6a0083d00a750-0-0-0\" class=\"so-panel widget widget_text panel-first-child panel-last-child\" data-index=\"0\" ><h3 class=\"widget-title\"><span class=\"widget-title__inline\">Solu\u021bii<\/span><\/h3>\t\t\t<div class=\"textwidget\"><p>Folosind doar tehnologie de ultim\u0103 or\u0103, inginerii no\u015ftri minu\u021bio\u0219i se asigur\u0103 c\u0103 totul este executat meticulos, p\u00e2n\u0103 la ultimul nit. De aceea, produsele \u015fi procesele noastre sunt certificate de comisii na\u0163ionale \u015fi interna\u021bionale. Astfel, putem garanta c\u0103 tot ce iese din uzinele noastre de produc\u021bie este durabil, sigur \u015fi de cea mai \u00eenalt\u0103 calitate.<\/p>\n<\/div>\n\t\t<\/div><\/div><\/div><div id=\"pg-gb1592-6a0083d00a750-1\"  class=\"panel-grid panel-no-style\" ><div id=\"pgc-gb1592-6a0083d00a750-1-0\"  class=\"panel-grid-cell panel-grid-cell-mobile-last\" ><div id=\"panel-gb1592-6a0083d00a750-1-0-0\" class=\"so-panel widget widget_pw_featured_page widget-featured-page panel-first-child panel-last-child\" data-index=\"1\" >\n\t<div class=\"page-box  page-box--block\">\n\t\t\t\t\t<a class=\"page-box__picture\" href=\"https:\/\/armaxgaz.ro\/?page_id=1570\">\n\t\t\t\t<img loading=\"lazy\" decoding=\"async\" src=\"https:\/\/armaxgaz.ro\/wp-content\/uploads\/2026\/03\/pecamion.png\" width=\"360\" height=\"240\" srcset=\"https:\/\/armaxgaz.ro\/wp-content\/uploads\/2026\/03\/pecamion.png 360w, https:\/\/armaxgaz.ro\/wp-content\/uploads\/2026\/03\/pecamion.png 1600w\" sizes=\"auto, (min-width: 1200px) 350px, (min-width: 992px) 284px, (min-width: 768px) 692px, calc(100vw - 30px)\" class=\"wp-post-image\" alt=\"Produse\">\n\t\t\t<\/a>\n\t\t\t\t<div class=\"page-box__content\">\n\t\t\t<h4 class=\"page-box__title\"><a href=\"https:\/\/armaxgaz.ro\/?page_id=1570\">Produse<\/a><\/h4>\n\t\t\t<p class=\"page-box__text\">Produsele Armax Gaz sunt o investi\u0163ie pe via\u021b\u0103. Producem echipament &#8230;<\/p>\n\t\t\t\t\t\t\t<a href=\"https:\/\/armaxgaz.ro\/?page_id=1570\" class=\"page-box__more-link\">Vezi mai mult<\/a>\n\t\t\t\t\t<\/div>\n\t<\/div>\n\n<\/div><\/div><div id=\"pgc-gb1592-6a0083d00a750-1-1\"  class=\"panel-grid-cell panel-grid-cell-empty\" ><\/div><\/div><\/div>\n\n\n<p><\/p>\n","protected":false},"excerpt":{"rendered":"<p>Folosind doar tehnologie de ultim\u0103 or\u0103, inginerii no\u015ftri minu\u021bio\u0219i se asigur\u0103 c\u0103 totul este executat meticulos, p\u00e2n\u0103 la ultimul nit. De aceea, produsele \u015fi procesele noastre sunt certificate de comisii na\u0163ionale \u015fi interna\u021bionale. Astfel, putem garanta c\u0103 tot ce iese din uzinele noastre de produc\u021bie este durabil, sigur \u015fi de cea mai \u00eenalt\u0103 calitate.<\/p>\n","protected":false},"author":1,"featured_media":0,"parent":0,"menu_order":0,"comment_status":"closed","ping_status":"closed","template":"","meta":{"footnotes":""},"class_list":["post-1592","page","type-page","status-publish","hentry"],"acf":[],"_links":{"self":[{"href":"https:\/\/armaxgaz.ro\/index.php?rest_route=\/wp\/v2\/pages\/1592","targetHints":{"allow":["GET"]}}],"collection":[{"href":"https:\/\/armaxgaz.ro\/index.php?rest_route=\/wp\/v2\/pages"}],"about":[{"href":"https:\/\/armaxgaz.ro\/index.php?rest_route=\/wp\/v2\/types\/page"}],"author":[{"embeddable":true,"href":"https:\/\/armaxgaz.ro\/index.php?rest_route=\/wp\/v2\/users\/1"}],"replies":[{"embeddable":true,"href":"https:\/\/armaxgaz.ro\/index.php?rest_route=%2Fwp%2Fv2%2Fcomments&post=1592"}],"version-history":[{"count":21,"href":"https:\/\/armaxgaz.ro\/index.php?rest_route=\/wp\/v2\/pages\/1592\/revisions"}],"predecessor-version":[{"id":1653,"href":"https:\/\/armaxgaz.ro\/index.php?rest_route=\/wp\/v2\/pages\/1592\/revisions\/1653"}],"wp:attachment":[{"href":"https:\/\/armaxgaz.ro\/index.php?rest_route=%2Fwp%2Fv2%2Fmedia&parent=1592"}],"curies":[{"name":"wp","href":"https:\/\/api.w.org\/{rel}","templated":true}]}}