{"id":1570,"date":"2026-03-26T08:50:52","date_gmt":"2026-03-26T06:50:52","guid":{"rendered":"https:\/\/armaxgaz.ro\/?page_id=1570"},"modified":"2026-03-26T14:13:30","modified_gmt":"2026-03-26T12:13:30","slug":"produse-3","status":"publish","type":"page","link":"https:\/\/armaxgaz.ro\/?page_id=1570","title":{"rendered":"Produse"},"content":{"rendered":"<div id=\"pl-1570\"  class=\"panel-layout\" ><div id=\"pg-1570-0\"  class=\"panel-grid panel-no-style\" ><div id=\"pgc-1570-0-0\"  class=\"panel-grid-cell\" ><div id=\"panel-1570-0-0-0\" class=\"so-panel widget widget_sow-headline panel-first-child panel-last-child\" data-index=\"0\" ><div\n\t\t\t\n\t\t\tclass=\"so-widget-sow-headline so-widget-sow-headline-default-6c6e0e154047-1570\"\n\t\t\t\n\t\t><div class=\"sow-headline-container \">\n\t\t\t\t\t\t\t<h2 class=\"sow-headline\">\n\t\t\t\t\t\tProdusele noastre\t\t\t\t\t\t<\/h2>\n\t\t\t\t\t\t\t\t\t\t\t<div class=\"decoration\">\n\t\t\t\t\t\t<div class=\"decoration-inside\"><\/div>\n\t\t\t\t\t<\/div>\n\t\t\t\t\t\t\t\t\t\t\t<h3 class=\"sow-sub-headline\">\n\t\t\t\t\t\tProdusele Armax Gaz sunt o investi\u0163ie pe via\u021b\u0103. Producem echipament la comand\u0103 pentru industria de petrol \u015fi gaze, pe baza proiectelor proprii sau a celor furnizate de client.\t\t\t\t\t\t<\/h3>\n\t\t\t\t\t\t<\/div>\n<\/div><\/div><\/div><\/div><div id=\"pg-1570-1\"  class=\"panel-grid panel-no-style\" ><div id=\"pgc-1570-1-0\"  class=\"panel-grid-cell\" ><div id=\"panel-1570-1-0-0\" class=\"so-panel widget widget_sow-slider panel-first-child panel-last-child\" data-index=\"1\" ><div\n\t\t\t\n\t\t\tclass=\"so-widget-sow-slider so-widget-sow-slider-default-6d39609536fd-1570\"\n\t\t\t\n\t\t>\t\t\t\t<div class=\"sow-slider-base\" style=\"display: none\" tabindex=\"0\">\n\t\t\t\t\t<ul\n\t\t\t\t\tclass=\"sow-slider-images\"\n\t\t\t\t\tdata-settings=\"{&quot;pagination&quot;:true,&quot;speed&quot;:400,&quot;timeout&quot;:8000,&quot;paused&quot;:false,&quot;pause_on_hover&quot;:false,&quot;swipe&quot;:true,&quot;nav_always_show_desktop&quot;:&quot;&quot;,&quot;nav_always_show_mobile&quot;:&quot;&quot;,&quot;breakpoint&quot;:&quot;780px&quot;,&quot;unmute&quot;:false,&quot;anchor&quot;:null}\"\n\t\t\t\t\t\t\t\t\t\tdata-anchor-id=\"\"\n\t\t\t\t>\t\t<li class=\"sow-slider-image\" style=\"visibility: visible;\" >\n\t\t\t\t\t\t<img loading=\"lazy\" decoding=\"async\" width=\"1600\" height=\"1066\" src=\"https:\/\/armaxgaz.ro\/wp-content\/uploads\/2026\/03\/WhatsApp-Image-2026-03-26-at-12.00.17-e1774521231817.jpeg\" class=\"sow-slider-background-image\" alt=\"\" style=\"\" srcset=\"https:\/\/armaxgaz.ro\/wp-content\/uploads\/2026\/03\/WhatsApp-Image-2026-03-26-at-12.00.17-e1774521231817.jpeg 1600w, https:\/\/armaxgaz.ro\/wp-content\/uploads\/2026\/03\/WhatsApp-Image-2026-03-26-at-12.00.17-e1774521231817-1536x1023.jpeg 1536w, https:\/\/armaxgaz.ro\/wp-content\/uploads\/2026\/03\/WhatsApp-Image-2026-03-26-at-12.00.17-e1774521231817-540x360.jpeg 540w, https:\/\/armaxgaz.ro\/wp-content\/uploads\/2026\/03\/WhatsApp-Image-2026-03-26-at-12.00.17-e1774521231817-360x240.jpeg 360w, https:\/\/armaxgaz.ro\/wp-content\/uploads\/2026\/03\/WhatsApp-Image-2026-03-26-at-12.00.17-e1774521231817-272x182.jpeg 272w\" sizes=\"auto, (max-width: 1600px) 100vw, 1600px\" \/>\t\t<\/li>\n\t\t\t\t<li class=\"sow-slider-image\" style=\"visibility: hidden;\" >\n\t\t\t\t\t\t<img loading=\"lazy\" decoding=\"async\" width=\"1600\" height=\"1066\" src=\"https:\/\/armaxgaz.ro\/wp-content\/uploads\/2026\/03\/mooncitor.png\" class=\"sow-slider-background-image\" alt=\"\" style=\"\" srcset=\"https:\/\/armaxgaz.ro\/wp-content\/uploads\/2026\/03\/mooncitor.png 1600w, https:\/\/armaxgaz.ro\/wp-content\/uploads\/2026\/03\/mooncitor-1536x1023.png 1536w, https:\/\/armaxgaz.ro\/wp-content\/uploads\/2026\/03\/mooncitor-540x360.png 540w, https:\/\/armaxgaz.ro\/wp-content\/uploads\/2026\/03\/mooncitor-360x240.png 360w, https:\/\/armaxgaz.ro\/wp-content\/uploads\/2026\/03\/mooncitor-272x182.png 272w\" sizes=\"auto, (max-width: 1600px) 100vw, 1600px\" \/>\t\t<\/li>\n\t\t\t\t<li class=\"sow-slider-image\" style=\"visibility: hidden;\" >\n\t\t\t\t\t\t<img loading=\"lazy\" decoding=\"async\" width=\"1600\" height=\"1066\" src=\"https:\/\/armaxgaz.ro\/wp-content\/uploads\/2026\/03\/pecamion.png\" class=\"sow-slider-background-image\" alt=\"\" style=\"\" \/>\t\t<\/li>\n\t\t<\/ul>\t\t\t\t<ol class=\"sow-slider-pagination\">\n\t\t\t\t\t\t\t\t\t\t\t<li><a href=\"#\" data-goto=\"0\" aria-label=\"Display slide 1\"><\/a><\/li>\n\t\t\t\t\t\t\t\t\t\t\t<li><a href=\"#\" data-goto=\"1\" aria-label=\"Display slide 2\"><\/a><\/li>\n\t\t\t\t\t\t\t\t\t\t\t<li><a href=\"#\" data-goto=\"2\" aria-label=\"Display slide 3\"><\/a><\/li>\n\t\t\t\t\t\t\t\t\t<\/ol>\n\n\t\t\t\t<div class=\"sow-slide-nav sow-slide-nav-next\">\n\t\t\t\t\t<a href=\"#\" data-goto=\"next\" aria-label=\"Next slide\" data-action=\"next\">\n\t\t\t\t\t\t<em class=\"sow-sld-icon-thin-right\"><\/em>\n\t\t\t\t\t<\/a>\n\t\t\t\t<\/div>\n\n\t\t\t\t<div class=\"sow-slide-nav sow-slide-nav-prev\">\n\t\t\t\t\t<a href=\"#\" data-goto=\"previous\" aria-label=\"Previous slide\" data-action=\"prev\">\n\t\t\t\t\t\t<em class=\"sow-sld-icon-thin-left\"><\/em>\n\t\t\t\t\t<\/a>\n\t\t\t\t<\/div>\n\t\t\t\t<\/div><\/div><\/div><\/div><\/div><div id=\"pg-1570-2\"  class=\"panel-grid panel-no-style\" ><div id=\"pgc-1570-2-0\"  class=\"panel-grid-cell\" ><div id=\"panel-1570-2-0-0\" class=\"so-panel widget widget_text panel-first-child panel-last-child\" data-index=\"2\" ><h3 class=\"widget-title\"><span class=\"widget-title__inline\">Sta\u021bii de Uscare Gaze Naturale<\/span><\/h3>\t\t\t<div class=\"textwidget\"><p><img loading=\"lazy\" decoding=\"async\" class=\"alignnone size-medium wp-image-1573\" src=\"https:\/\/armaxgaz.ro\/wp-content\/uploads\/2026\/03\/SUG-TEG-3-300x300.jpeg\" alt=\"\" width=\"300\" height=\"300\" srcset=\"https:\/\/armaxgaz.ro\/wp-content\/uploads\/2026\/03\/SUG-TEG-3-300x300.jpeg 300w, https:\/\/armaxgaz.ro\/wp-content\/uploads\/2026\/03\/SUG-TEG-3-1024x1024.jpeg 1024w, https:\/\/armaxgaz.ro\/wp-content\/uploads\/2026\/03\/SUG-TEG-3-150x150.jpeg 150w, https:\/\/armaxgaz.ro\/wp-content\/uploads\/2026\/03\/SUG-TEG-3-768x768.jpeg 768w\" sizes=\"auto, (max-width: 300px) 100vw, 300px\" \/><\/p>\n<\/div>\n\t\t<\/div><\/div><div id=\"pgc-1570-2-1\"  class=\"panel-grid-cell\" ><div id=\"panel-1570-2-1-0\" class=\"so-panel widget widget_text panel-first-child panel-last-child\" data-index=\"3\" ><h3 class=\"widget-title\"><span class=\"widget-title__inline\">Sta\u021bii de Reglare-M\u0103surare (SRM)<\/span><\/h3>\t\t\t<div class=\"textwidget\"><p><img loading=\"lazy\" decoding=\"async\" class=\"alignnone size-medium wp-image-1576\" src=\"https:\/\/armaxgaz.ro\/wp-content\/uploads\/2026\/03\/IMG-20230619-WA0008-300x300.jpg\" alt=\"\" width=\"300\" height=\"300\" srcset=\"https:\/\/armaxgaz.ro\/wp-content\/uploads\/2026\/03\/IMG-20230619-WA0008-300x300.jpg 300w, https:\/\/armaxgaz.ro\/wp-content\/uploads\/2026\/03\/IMG-20230619-WA0008-150x150.jpg 150w, https:\/\/armaxgaz.ro\/wp-content\/uploads\/2026\/03\/IMG-20230619-WA0008-768x768.jpg 768w\" sizes=\"auto, (max-width: 300px) 100vw, 300px\" \/><\/p>\n<\/div>\n\t\t<\/div><\/div><\/div><div id=\"pg-1570-3\"  class=\"panel-grid panel-has-style\" ><div class=\"panel-row-style panel-row-style-for-1570-3\" ><div id=\"pgc-1570-3-0\"  class=\"panel-grid-cell\" ><div id=\"panel-1570-3-0-0\" class=\"so-panel widget widget_text panel-first-child panel-last-child\" data-index=\"4\" ><h3 class=\"widget-title\"><span class=\"widget-title__inline\">Filtre Gaze Naturale (FGN)<\/span><\/h3>\t\t\t<div class=\"textwidget\"><p><img loading=\"lazy\" decoding=\"async\" class=\"alignnone size-full wp-image-1636\" src=\"https:\/\/armaxgaz.ro\/wp-content\/uploads\/2026\/03\/FGN-1.png\" alt=\"\" width=\"300\" height=\"300\" srcset=\"https:\/\/armaxgaz.ro\/wp-content\/uploads\/2026\/03\/FGN-1.png 300w, https:\/\/armaxgaz.ro\/wp-content\/uploads\/2026\/03\/FGN-1-150x150.png 150w\" sizes=\"auto, (max-width: 300px) 100vw, 300px\" \/><\/p>\n<\/div>\n\t\t<\/div><\/div><div id=\"pgc-1570-3-1\"  class=\"panel-grid-cell\" ><div id=\"panel-1570-3-1-0\" class=\"so-panel widget widget_text panel-first-child panel-last-child\" data-index=\"5\" ><h3 class=\"widget-title\"><span class=\"widget-title__inline\">Filtre Separatoare Verticale<\/span><\/h3>\t\t\t<div class=\"textwidget\"><p><img loading=\"lazy\" decoding=\"async\" class=\"alignnone size-full wp-image-1635\" src=\"https:\/\/armaxgaz.ro\/wp-content\/uploads\/2026\/03\/SFV-1.png\" alt=\"\" width=\"300\" height=\"300\" srcset=\"https:\/\/armaxgaz.ro\/wp-content\/uploads\/2026\/03\/SFV-1.png 300w, https:\/\/armaxgaz.ro\/wp-content\/uploads\/2026\/03\/SFV-1-150x150.png 150w\" sizes=\"auto, (max-width: 300px) 100vw, 300px\" \/><\/p>\n<\/div>\n\t\t<\/div><\/div><\/div><\/div><div id=\"pg-1570-4\"  class=\"panel-grid panel-no-style\" ><div id=\"pgc-1570-4-0\"  class=\"panel-grid-cell\" ><div id=\"panel-1570-4-0-0\" class=\"so-panel widget widget_text panel-first-child panel-last-child\" data-index=\"6\" ><h3 class=\"widget-title\"><span class=\"widget-title__inline\">Separatoare de Gaze<\/span><\/h3>\t\t\t<div class=\"textwidget\"><p><img loading=\"lazy\" decoding=\"async\" class=\"alignnone size-full wp-image-1588\" src=\"https:\/\/armaxgaz.ro\/wp-content\/uploads\/2026\/03\/SG.png\" alt=\"\" width=\"300\" height=\"300\" srcset=\"https:\/\/armaxgaz.ro\/wp-content\/uploads\/2026\/03\/SG.png 300w, https:\/\/armaxgaz.ro\/wp-content\/uploads\/2026\/03\/SG-150x150.png 150w\" sizes=\"auto, (max-width: 300px) 100vw, 300px\" \/><\/p>\n<\/div>\n\t\t<\/div><\/div><div id=\"pgc-1570-4-1\"  class=\"panel-grid-cell\" ><div id=\"panel-1570-4-1-0\" class=\"so-panel widget widget_text panel-first-child panel-last-child\" data-index=\"7\" ><h3 class=\"widget-title\"><span class=\"widget-title__inline\">Inc\u0103lzitoare<\/span><\/h3>\t\t\t<div class=\"textwidget\"><p><img loading=\"lazy\" decoding=\"async\" class=\"alignnone size-full wp-image-1638\" src=\"https:\/\/armaxgaz.ro\/wp-content\/uploads\/2026\/03\/incalzitoor.png\" alt=\"\" width=\"300\" height=\"300\" srcset=\"https:\/\/armaxgaz.ro\/wp-content\/uploads\/2026\/03\/incalzitoor.png 300w, https:\/\/armaxgaz.ro\/wp-content\/uploads\/2026\/03\/incalzitoor-150x150.png 150w\" sizes=\"auto, (max-width: 300px) 100vw, 300px\" \/><\/p>\n<\/div>\n\t\t<\/div><\/div><\/div><\/div>","protected":false},"excerpt":{"rendered":"<p>Produsele Armax Gaz sunt o investi\u0163ie pe via\u021b\u0103. Producem echipament &#8230;<\/p>\n","protected":false},"author":1,"featured_media":1643,"parent":0,"menu_order":0,"comment_status":"closed","ping_status":"closed","template":"","meta":{"footnotes":""},"class_list":["post-1570","page","type-page","status-publish","has-post-thumbnail","hentry"],"acf":[],"_links":{"self":[{"href":"https:\/\/armaxgaz.ro\/index.php?rest_route=\/wp\/v2\/pages\/1570","targetHints":{"allow":["GET"]}}],"collection":[{"href":"https:\/\/armaxgaz.ro\/index.php?rest_route=\/wp\/v2\/pages"}],"about":[{"href":"https:\/\/armaxgaz.ro\/index.php?rest_route=\/wp\/v2\/types\/page"}],"author":[{"embeddable":true,"href":"https:\/\/armaxgaz.ro\/index.php?rest_route=\/wp\/v2\/users\/1"}],"replies":[{"embeddable":true,"href":"https:\/\/armaxgaz.ro\/index.php?rest_route=%2Fwp%2Fv2%2Fcomments&post=1570"}],"version-history":[{"count":27,"href":"https:\/\/armaxgaz.ro\/index.php?rest_route=\/wp\/v2\/pages\/1570\/revisions"}],"predecessor-version":[{"id":1659,"href":"https:\/\/armaxgaz.ro\/index.php?rest_route=\/wp\/v2\/pages\/1570\/revisions\/1659"}],"wp:featuredmedia":[{"embeddable":true,"href":"https:\/\/armaxgaz.ro\/index.php?rest_route=\/wp\/v2\/media\/1643"}],"wp:attachment":[{"href":"https:\/\/armaxgaz.ro\/index.php?rest_route=%2Fwp%2Fv2%2Fmedia&parent=1570"}],"curies":[{"name":"wp","href":"https:\/\/api.w.org\/{rel}","templated":true}]}}