{"id":1294,"date":"2021-12-05T23:30:57","date_gmt":"2021-12-05T21:30:57","guid":{"rendered":"https:\/\/armaxgaz.ro\/?page_id=1294"},"modified":"2021-12-06T00:02:01","modified_gmt":"2021-12-05T22:02:01","slug":"companie","status":"publish","type":"page","link":"https:\/\/armaxgaz.ro\/?page_id=1294","title":{"rendered":"Companie"},"content":{"rendered":"<div id=\"pl-1294\"  class=\"panel-layout\" ><div id=\"pg-1294-0\"  class=\"panel-grid panel-no-style\" ><div id=\"pgc-1294-0-0\"  class=\"panel-grid-cell\" ><div id=\"panel-1294-0-0-0\" class=\"so-panel widget widget_media_image panel-first-child panel-last-child\" data-index=\"0\" ><img loading=\"lazy\" decoding=\"async\" width=\"300\" height=\"200\" src=\"https:\/\/armaxgaz.ro\/wp-content\/uploads\/2021\/12\/sediu-300x200.jpg\" class=\"image wp-image-1314  attachment-medium size-medium\" alt=\"\" style=\"max-width: 100%; height: auto;\" srcset=\"https:\/\/armaxgaz.ro\/wp-content\/uploads\/2021\/12\/sediu-300x200.jpg 300w, https:\/\/armaxgaz.ro\/wp-content\/uploads\/2021\/12\/sediu-1024x683.jpg 1024w, https:\/\/armaxgaz.ro\/wp-content\/uploads\/2021\/12\/sediu-768x512.jpg 768w, https:\/\/armaxgaz.ro\/wp-content\/uploads\/2021\/12\/sediu-540x360.jpg 540w, https:\/\/armaxgaz.ro\/wp-content\/uploads\/2021\/12\/sediu-360x240.jpg 360w, https:\/\/armaxgaz.ro\/wp-content\/uploads\/2021\/12\/sediu-600x400.jpg 600w, https:\/\/armaxgaz.ro\/wp-content\/uploads\/2021\/12\/sediu-272x182.jpg 272w, https:\/\/armaxgaz.ro\/wp-content\/uploads\/2021\/12\/sediu.jpg 1536w\" sizes=\"auto, (max-width: 300px) 100vw, 300px\" \/><\/div><\/div><div id=\"pgc-1294-0-1\"  class=\"panel-grid-cell\" ><div id=\"panel-1294-0-1-0\" class=\"so-panel widget widget_text panel-first-child panel-last-child\" data-index=\"1\" ><h3 class=\"widget-title\"><span class=\"widget-title__inline\">Armax Gaz<\/span><\/h3>\t\t\t<div class=\"textwidget\"><p>Suntem echipa de profesionisti care ne dedicam nevoilor tale.<br \/>\nIti punem la dispozitie dotarile de ultima generatie care pot transpune \u00een realitate cele mai complexe proiecte.<br \/>\nIti oferim produsul realizat cu toata grija noastra si la cele mai \u00eenalte standarde.<br \/>\nAnalizam cu grija nevoile tale pentru a-ti oferi serviciul potrivit.<br \/>\nSuntem calitatea \u00eenscrisa \u00een certificate si succesul recunoscut de diplome.<br \/>\nSuntem <strong>Ambitia<\/strong>, <strong>Entuziasmul<\/strong> si <strong>Daruirea<\/strong> de a fi cei mai buni.<br \/>\nSuntem <strong>Armax Gaz<\/strong><\/p>\n<\/div>\n\t\t<\/div><\/div><\/div><\/div>","protected":false},"excerpt":{"rendered":"<p>Suntem echipa de profesionisti care ne dedicam nevoilor tale. Iti punem la dispozitie dotarile de ultima generatie care pot transpune \u00een realitate cele mai complexe proiecte. Iti oferim produsul realizat cu toata grija noastra si la cele mai \u00eenalte standarde. Analizam cu grija nevoile tale pentru a-ti oferi serviciul potrivit. Suntem calitatea \u00eenscrisa \u00een certificate &hellip;<\/p>\n","protected":false},"author":1,"featured_media":0,"parent":0,"menu_order":0,"comment_status":"closed","ping_status":"closed","template":"","meta":{"footnotes":""},"class_list":["post-1294","page","type-page","status-publish","hentry"],"acf":[],"_links":{"self":[{"href":"https:\/\/armaxgaz.ro\/index.php?rest_route=\/wp\/v2\/pages\/1294","targetHints":{"allow":["GET"]}}],"collection":[{"href":"https:\/\/armaxgaz.ro\/index.php?rest_route=\/wp\/v2\/pages"}],"about":[{"href":"https:\/\/armaxgaz.ro\/index.php?rest_route=\/wp\/v2\/types\/page"}],"author":[{"embeddable":true,"href":"https:\/\/armaxgaz.ro\/index.php?rest_route=\/wp\/v2\/users\/1"}],"replies":[{"embeddable":true,"href":"https:\/\/armaxgaz.ro\/index.php?rest_route=%2Fwp%2Fv2%2Fcomments&post=1294"}],"version-history":[{"count":5,"href":"https:\/\/armaxgaz.ro\/index.php?rest_route=\/wp\/v2\/pages\/1294\/revisions"}],"predecessor-version":[{"id":1316,"href":"https:\/\/armaxgaz.ro\/index.php?rest_route=\/wp\/v2\/pages\/1294\/revisions\/1316"}],"wp:attachment":[{"href":"https:\/\/armaxgaz.ro\/index.php?rest_route=%2Fwp%2Fv2%2Fmedia&parent=1294"}],"curies":[{"name":"wp","href":"https:\/\/api.w.org\/{rel}","templated":true}]}}